{"id":6756,"date":"2022-02-12T12:49:04","date_gmt":"2022-02-12T12:49:04","guid":{"rendered":"https:\/\/alpha-koifutter.de\/produits\/"},"modified":"2024-02-09T15:09:11","modified_gmt":"2024-02-09T15:09:11","slug":"produits","status":"publish","type":"page","link":"https:\/\/alpha-koifutter.de\/fr\/produits\/","title":{"rendered":"Produits"},"content":{"rendered":"\t\t<div data-elementor-type=\"wp-page\" data-elementor-id=\"6756\" class=\"elementor elementor-6756 elementor-51\">\n\t\t\t\t\t\t\t\t\t<section class=\"elementor-section elementor-top-section elementor-element elementor-element-6b3104c elementor-section-boxed elementor-section-height-default elementor-section-height-default\" data-id=\"6b3104c\" data-element_type=\"section\">\n\t\t\t\t\t\t<div class=\"elementor-container elementor-column-gap-default\">\n\t\t\t\t\t<div class=\"elementor-column elementor-col-50 elementor-top-column elementor-element elementor-element-ca86a8f\" data-id=\"ca86a8f\" data-element_type=\"column\">\n\t\t\t<div class=\"elementor-widget-wrap elementor-element-populated\">\n\t\t\t\t\t\t\t\t<div class=\"elementor-element elementor-element-ebafb1c elementor-widget elementor-widget-image\" data-id=\"ebafb1c\" data-element_type=\"widget\" data-widget_type=\"image.default\">\n\t\t\t\t<div class=\"elementor-widget-container\">\n\t\t\t<style>\/*! elementor - v3.11.0 - 13-02-2023 *\/\n.elementor-widget-image{text-align:center}.elementor-widget-image a{display:inline-block}.elementor-widget-image a img[src$=\".svg\"]{width:48px}.elementor-widget-image img{vertical-align:middle;display:inline-block}<\/style>\t\t\t\t\t\t\t\t\t\t\t\t\t<a href=\"https:\/\/alpha-koifutter.de\/fr\/produits\/alpha\/\">\n\t\t\t\t\t\t\t<img decoding=\"async\" width=\"305\" height=\"100\" src=\"https:\/\/alpha-koifutter.de\/wp-content\/uploads\/2022\/02\/alpha-logo-100px.png\" class=\"attachment-full size-full wp-image-6625\" alt=\"\" loading=\"lazy\" srcset=\"https:\/\/alpha-koifutter.de\/wp-content\/uploads\/2022\/02\/alpha-logo-100px.png 305w, https:\/\/alpha-koifutter.de\/wp-content\/uploads\/2022\/02\/alpha-logo-100px-300x98.png 300w\" sizes=\"(max-width: 305px) 100vw, 305px\" \/>\t\t\t\t\t\t\t\t<\/a>\n\t\t\t\t\t\t\t\t\t\t\t\t\t\t\t<\/div>\n\t\t\t\t<\/div>\n\t\t\t\t<div class=\"elementor-element elementor-element-8c6184a elementor-widget elementor-widget-text-editor\" data-id=\"8c6184a\" data-element_type=\"widget\" data-widget_type=\"text-editor.default\">\n\t\t\t\t<div class=\"elementor-widget-container\">\n\t\t\t<style>\/*! elementor - v3.11.0 - 13-02-2023 *\/\n.elementor-widget-text-editor.elementor-drop-cap-view-stacked .elementor-drop-cap{background-color:#818a91;color:#fff}.elementor-widget-text-editor.elementor-drop-cap-view-framed .elementor-drop-cap{color:#818a91;border:3px solid;background-color:transparent}.elementor-widget-text-editor:not(.elementor-drop-cap-view-default) .elementor-drop-cap{margin-top:8px}.elementor-widget-text-editor:not(.elementor-drop-cap-view-default) .elementor-drop-cap-letter{width:1em;height:1em}.elementor-widget-text-editor .elementor-drop-cap{float:left;text-align:center;line-height:1;font-size:50px}.elementor-widget-text-editor .elementor-drop-cap-letter{display:inline-block}<\/style>\t\t\t\t<p>Nourriture premium pour koi avec des ingr\u00e9dients de la plus haute qualit\u00e9 pour la sant\u00e9, la vitalit\u00e9, des couleurs \u00e9clatantes &amp; une eau propre et claire.  <\/p>\n\t\t\t\t\t\t<\/div>\n\t\t\t\t<\/div>\n\t\t\t\t<div class=\"elementor-element elementor-element-11cb0f1 elementor-widget elementor-widget-image\" data-id=\"11cb0f1\" data-element_type=\"widget\" data-widget_type=\"image.default\">\n\t\t\t\t<div class=\"elementor-widget-container\">\n\t\t\t\t\t\t\t\t\t\t\t\t\t\t\t<img decoding=\"async\" width=\"300\" height=\"300\" src=\"https:\/\/alpha-koifutter.de\/wp-content\/uploads\/2022\/02\/alpha-add-complete-500px-300x300.jpg\" class=\"attachment-medium size-medium wp-image-6610\" alt=\"\" loading=\"lazy\" srcset=\"https:\/\/alpha-koifutter.de\/wp-content\/uploads\/2022\/02\/alpha-add-complete-500px-300x300.jpg 300w, https:\/\/alpha-koifutter.de\/wp-content\/uploads\/2022\/02\/alpha-add-complete-500px-150x150.jpg 150w, https:\/\/alpha-koifutter.de\/wp-content\/uploads\/2022\/02\/alpha-add-complete-500px.jpg 500w\" sizes=\"(max-width: 300px) 100vw, 300px\" \/>\t\t\t\t\t\t\t\t\t\t\t\t\t\t\t<\/div>\n\t\t\t\t<\/div>\n\t\t\t\t<div class=\"elementor-element elementor-element-729139d elementor-align-center elementor-widget elementor-widget-button\" data-id=\"729139d\" data-element_type=\"widget\" data-widget_type=\"button.default\">\n\t\t\t\t<div class=\"elementor-widget-container\">\n\t\t\t\t\t<div class=\"elementor-button-wrapper\">\n\t\t\t<a href=\"https:\/\/alpha-koifutter.de\/fr\/produits\/alpha\/\" class=\"elementor-button-link elementor-button elementor-size-sm\" role=\"button\">\n\t\t\t\t\t\t<span class=\"elementor-button-content-wrapper\">\n\t\t\t\t\t\t<span class=\"elementor-button-text\">En savoir plus<\/span>\n\t\t<\/span>\n\t\t\t\t\t<\/a>\n\t\t<\/div>\n\t\t\t\t<\/div>\n\t\t\t\t<\/div>\n\t\t\t\t\t<\/div>\n\t\t<\/div>\n\t\t\t\t<div class=\"elementor-column elementor-col-50 elementor-top-column elementor-element elementor-element-ebb5651\" data-id=\"ebb5651\" data-element_type=\"column\">\n\t\t\t<div class=\"elementor-widget-wrap elementor-element-populated\">\n\t\t\t\t\t\t\t\t<div class=\"elementor-element elementor-element-921cf43 elementor-widget elementor-widget-image\" data-id=\"921cf43\" data-element_type=\"widget\" data-widget_type=\"image.default\">\n\t\t\t\t<div class=\"elementor-widget-container\">\n\t\t\t\t\t\t\t\t\t\t\t\t\t\t\t\t<a href=\"https:\/\/alpha-koifutter.de\/fr\/produits\/akari-ultra\/\">\n\t\t\t\t\t\t\t<img decoding=\"async\" width=\"490\" height=\"100\" src=\"https:\/\/alpha-koifutter.de\/wp-content\/uploads\/2022\/02\/akari-ultra-logo-100px.png\" class=\"attachment-full size-full wp-image-6630\" alt=\"\" loading=\"lazy\" srcset=\"https:\/\/alpha-koifutter.de\/wp-content\/uploads\/2022\/02\/akari-ultra-logo-100px.png 490w, https:\/\/alpha-koifutter.de\/wp-content\/uploads\/2022\/02\/akari-ultra-logo-100px-300x61.png 300w\" sizes=\"(max-width: 490px) 100vw, 490px\" \/>\t\t\t\t\t\t\t\t<\/a>\n\t\t\t\t\t\t\t\t\t\t\t\t\t\t\t<\/div>\n\t\t\t\t<\/div>\n\t\t\t\t<div class=\"elementor-element elementor-element-ae551a7 elementor-widget elementor-widget-text-editor\" data-id=\"ae551a7\" data-element_type=\"widget\" data-widget_type=\"text-editor.default\">\n\t\t\t\t<div class=\"elementor-widget-container\">\n\t\t\t\t\t\t\t<p>La m\u00e9thode innovante pour purifier votre eau avec des UVC<\/p>\n\t\t\t\t\t\t<\/div>\n\t\t\t\t<\/div>\n\t\t\t\t<div class=\"elementor-element elementor-element-5656b70 elementor-widget elementor-widget-image\" data-id=\"5656b70\" data-element_type=\"widget\" data-widget_type=\"image.default\">\n\t\t\t\t<div class=\"elementor-widget-container\">\n\t\t\t\t\t\t\t\t\t\t\t\t\t\t\t\t<a href=\"https:\/\/alpha-koifutter.de\/fr\/produits\/akari-ultra\/\">\n\t\t\t\t\t\t\t<img decoding=\"async\" width=\"800\" height=\"573\" src=\"https:\/\/alpha-koifutter.de\/wp-content\/uploads\/2022\/02\/Akari-Ultra-UVC-800px.jpg\" class=\"attachment-full size-full wp-image-6575\" alt=\"\" loading=\"lazy\" srcset=\"https:\/\/alpha-koifutter.de\/wp-content\/uploads\/2022\/02\/Akari-Ultra-UVC-800px.jpg 800w, https:\/\/alpha-koifutter.de\/wp-content\/uploads\/2022\/02\/Akari-Ultra-UVC-800px-300x215.jpg 300w, https:\/\/alpha-koifutter.de\/wp-content\/uploads\/2022\/02\/Akari-Ultra-UVC-800px-768x550.jpg 768w\" sizes=\"(max-width: 800px) 100vw, 800px\" \/>\t\t\t\t\t\t\t\t<\/a>\n\t\t\t\t\t\t\t\t\t\t\t\t\t\t\t<\/div>\n\t\t\t\t<\/div>\n\t\t\t\t<div class=\"elementor-element elementor-element-a2006cb elementor-align-center elementor-widget elementor-widget-button\" data-id=\"a2006cb\" data-element_type=\"widget\" data-widget_type=\"button.default\">\n\t\t\t\t<div class=\"elementor-widget-container\">\n\t\t\t\t\t<div class=\"elementor-button-wrapper\">\n\t\t\t<a href=\"https:\/\/alpha-koifutter.de\/fr\/produits\/akari-ultra\/\" class=\"elementor-button-link elementor-button elementor-size-sm\" role=\"button\">\n\t\t\t\t\t\t<span class=\"elementor-button-content-wrapper\">\n\t\t\t\t\t\t<span class=\"elementor-button-text\">En savoir plus<\/span>\n\t\t<\/span>\n\t\t\t\t\t<\/a>\n\t\t<\/div>\n\t\t\t\t<\/div>\n\t\t\t\t<\/div>\n\t\t\t\t\t<\/div>\n\t\t<\/div>\n\t\t\t\t\t\t\t<\/div>\n\t\t<\/section>\n\t\t\t\t\t\t\t<\/div>\n\t\t","protected":false},"excerpt":{"rendered":"<p>Nourriture premium pour koi avec des ingr\u00e9dients de la plus haute qualit\u00e9 pour la sant\u00e9, la vitalit\u00e9, des couleurs \u00e9clatantes &amp; une eau propre et claire. En savoir plus La m\u00e9thode innovante pour purifier votre eau avec des UVC En savoir plus<\/p>\n","protected":false},"author":1,"featured_media":0,"parent":0,"menu_order":0,"comment_status":"closed","ping_status":"closed","template":"","meta":{"inline_featured_image":false},"_links":{"self":[{"href":"https:\/\/alpha-koifutter.de\/fr\/wp-json\/wp\/v2\/pages\/6756"}],"collection":[{"href":"https:\/\/alpha-koifutter.de\/fr\/wp-json\/wp\/v2\/pages"}],"about":[{"href":"https:\/\/alpha-koifutter.de\/fr\/wp-json\/wp\/v2\/types\/page"}],"author":[{"embeddable":true,"href":"https:\/\/alpha-koifutter.de\/fr\/wp-json\/wp\/v2\/users\/1"}],"replies":[{"embeddable":true,"href":"https:\/\/alpha-koifutter.de\/fr\/wp-json\/wp\/v2\/comments?post=6756"}],"version-history":[{"count":7,"href":"https:\/\/alpha-koifutter.de\/fr\/wp-json\/wp\/v2\/pages\/6756\/revisions"}],"predecessor-version":[{"id":6963,"href":"https:\/\/alpha-koifutter.de\/fr\/wp-json\/wp\/v2\/pages\/6756\/revisions\/6963"}],"wp:attachment":[{"href":"https:\/\/alpha-koifutter.de\/fr\/wp-json\/wp\/v2\/media?parent=6756"}],"curies":[{"name":"wp","href":"https:\/\/api.w.org\/{rel}","templated":true}]}}