{"id":6758,"date":"2021-08-19T15:55:42","date_gmt":"2021-08-19T15:55:42","guid":{"rendered":"https:\/\/alpha-koifutter.de\/lancement\/"},"modified":"2024-02-07T20:59:44","modified_gmt":"2024-02-07T20:59:44","slug":"lancement","status":"publish","type":"page","link":"https:\/\/alpha-koifutter.de\/fr\/","title":{"rendered":"Lancement"},"content":{"rendered":"\t\t<div data-elementor-type=\"wp-page\" data-elementor-id=\"6758\" class=\"elementor elementor-6758 elementor-2\">\n\t\t\t\t\t\t\t\t\t<section class=\"elementor-section elementor-top-section elementor-element elementor-element-f6b4f78 elementor-section-boxed elementor-section-height-default elementor-section-height-default\" data-id=\"f6b4f78\" data-element_type=\"section\">\n\t\t\t\t\t\t<div class=\"elementor-container elementor-column-gap-default\">\n\t\t\t\t\t<div class=\"elementor-column elementor-col-100 elementor-top-column elementor-element elementor-element-d2d1380\" data-id=\"d2d1380\" data-element_type=\"column\">\n\t\t\t<div class=\"elementor-widget-wrap elementor-element-populated\">\n\t\t\t\t\t\t\t\t<div class=\"elementor-element elementor-element-67a7628 elementor-widget elementor-widget-spacer\" data-id=\"67a7628\" data-element_type=\"widget\" data-widget_type=\"spacer.default\">\n\t\t\t\t<div class=\"elementor-widget-container\">\n\t\t\t<style>\/*! elementor - v3.11.0 - 13-02-2023 *\/\n.elementor-column .elementor-spacer-inner{height:var(--spacer-size)}.e-con{--container-widget-width:100%}.e-con-inner>.elementor-widget-spacer,.e-con>.elementor-widget-spacer{width:var(--container-widget-width,var(--spacer-size));--align-self:var(--container-widget-align-self,initial);--flex-shrink:0}.e-con-inner>.elementor-widget-spacer>.elementor-widget-container,.e-con-inner>.elementor-widget-spacer>.elementor-widget-container>.elementor-spacer,.e-con>.elementor-widget-spacer>.elementor-widget-container,.e-con>.elementor-widget-spacer>.elementor-widget-container>.elementor-spacer{height:100%}.e-con-inner>.elementor-widget-spacer>.elementor-widget-container>.elementor-spacer>.elementor-spacer-inner,.e-con>.elementor-widget-spacer>.elementor-widget-container>.elementor-spacer>.elementor-spacer-inner{height:var(--container-widget-height,var(--spacer-size))}<\/style>\t\t<div class=\"elementor-spacer\">\n\t\t\t<div class=\"elementor-spacer-inner\"><\/div>\n\t\t<\/div>\n\t\t\t\t<\/div>\n\t\t\t\t<\/div>\n\t\t\t\t\t<\/div>\n\t\t<\/div>\n\t\t\t\t\t\t\t<\/div>\n\t\t<\/section>\n\t\t\t\t<section class=\"elementor-section elementor-top-section elementor-element elementor-element-2cd09bc elementor-reverse-mobile elementor-section-boxed elementor-section-height-default elementor-section-height-default\" data-id=\"2cd09bc\" data-element_type=\"section\">\n\t\t\t\t\t\t<div class=\"elementor-container elementor-column-gap-default\">\n\t\t\t\t\t<header class=\"elementor-column elementor-col-50 elementor-top-column elementor-element elementor-element-af59e31\" data-id=\"af59e31\" data-element_type=\"column\">\n\t\t\t<div class=\"elementor-widget-wrap elementor-element-populated\">\n\t\t\t\t\t\t\t\t<div class=\"elementor-element elementor-element-6323916 elementor-widget elementor-widget-heading\" data-id=\"6323916\" data-element_type=\"widget\" data-widget_type=\"heading.default\">\n\t\t\t\t<div class=\"elementor-widget-container\">\n\t\t\t<style>\/*! elementor - v3.11.0 - 13-02-2023 *\/\n.elementor-heading-title{padding:0;margin:0;line-height:1}.elementor-widget-heading .elementor-heading-title[class*=elementor-size-]>a{color:inherit;font-size:inherit;line-height:inherit}.elementor-widget-heading .elementor-heading-title.elementor-size-small{font-size:15px}.elementor-widget-heading .elementor-heading-title.elementor-size-medium{font-size:19px}.elementor-widget-heading .elementor-heading-title.elementor-size-large{font-size:29px}.elementor-widget-heading .elementor-heading-title.elementor-size-xl{font-size:39px}.elementor-widget-heading .elementor-heading-title.elementor-size-xxl{font-size:59px}<\/style><div class=\"elementor-heading-title elementor-size-default\">Nous savons ce dont vos ko\u00efs ont besoin pour \u00eatre en bonne sant\u00e9, grandir et vivre longtemps.<\/div>\t\t<\/div>\n\t\t\t\t<\/div>\n\t\t\t\t<div class=\"elementor-element elementor-element-a487044 elementor-widget elementor-widget-heading\" data-id=\"a487044\" data-element_type=\"widget\" data-widget_type=\"heading.default\">\n\t\t\t\t<div class=\"elementor-widget-container\">\n\t\t\t<h2 class=\"elementor-heading-title elementor-size-default\">Bienvenue chez alpha Koi Food<\/h2>\t\t<\/div>\n\t\t\t\t<\/div>\n\t\t\t\t<div class=\"elementor-element elementor-element-4f2f152 elementor-widget elementor-widget-heading\" data-id=\"4f2f152\" data-element_type=\"widget\" data-widget_type=\"heading.default\">\n\t\t\t\t<div class=\"elementor-widget-container\">\n\t\t\t<p class=\"elementor-heading-title elementor-size-default\"><a href=\"http:\/\/q\">Vos experts de Suisse &amp; d'Allemagne pour la technique de l'eau, la nourriture pour koi, le mat\u00e9riel pour \u00e9tangs &amp; le d\u00e9veloppement de projets.\n\nInformez-vous ici sur notre offre pour les ko\u00efs et les \u00e9tangs de baignade, que vous pouvez obtenir aupr\u00e8s de partenaires s\u00e9lectionn\u00e9s dans votre r\u00e9gion.  <\/a><\/p>\t\t<\/div>\n\t\t\t\t<\/div>\n\t\t\t\t<section class=\"elementor-section elementor-inner-section elementor-element elementor-element-71525b5 elementor-section-content-middle elementor-section-boxed elementor-section-height-default elementor-section-height-default\" data-id=\"71525b5\" data-element_type=\"section\">\n\t\t\t\t\t\t<div class=\"elementor-container elementor-column-gap-narrow\">\n\t\t\t\t\t<div class=\"elementor-column elementor-col-50 elementor-inner-column elementor-element elementor-element-5329a58\" data-id=\"5329a58\" data-element_type=\"column\">\n\t\t\t<div class=\"elementor-widget-wrap elementor-element-populated\">\n\t\t\t\t\t\t\t\t<div class=\"elementor-element elementor-element-edbbfec elementor-align-left elementor-widget elementor-widget-the7_button_widget\" data-id=\"edbbfec\" data-element_type=\"widget\" data-widget_type=\"the7_button_widget.default\">\n\t\t\t\t<div class=\"elementor-widget-container\">\n\t\t\t<div class=\"elementor-button-wrapper\"><a href=\"https:\/\/verita.swiss\/produkte\/\" class=\"box-button elementor-button elementor-size-md\">D\u00e9couvrir les produits<\/a><\/div>\t\t<\/div>\n\t\t\t\t<\/div>\n\t\t\t\t\t<\/div>\n\t\t<\/div>\n\t\t\t\t<div class=\"elementor-column elementor-col-50 elementor-inner-column elementor-element elementor-element-2b3a281\" data-id=\"2b3a281\" data-element_type=\"column\">\n\t\t\t<div class=\"elementor-widget-wrap elementor-element-populated\">\n\t\t\t\t\t\t\t\t<div class=\"elementor-element elementor-element-e674d22 elementor-widget elementor-widget-button\" data-id=\"e674d22\" data-element_type=\"widget\" data-widget_type=\"button.default\">\n\t\t\t\t<div class=\"elementor-widget-container\">\n\t\t\t\t\t<div class=\"elementor-button-wrapper\">\n\t\t\t<a href=\"tel:+49282826099969\" class=\"elementor-button-link elementor-button elementor-size-md\" role=\"button\">\n\t\t\t\t\t\t<span class=\"elementor-button-content-wrapper\">\n\t\t\t\t\t\t\t<span class=\"elementor-button-icon elementor-align-icon-right\">\n\t\t\t\t<i aria-hidden=\"true\" class=\" icomoon-the7-font-the7-phone-06\"><\/i>\t\t\t<\/span>\n\t\t\t\t\t\t<span class=\"elementor-button-text\">Contactez-nous<\/span>\n\t\t<\/span>\n\t\t\t\t\t<\/a>\n\t\t<\/div>\n\t\t\t\t<\/div>\n\t\t\t\t<\/div>\n\t\t\t\t\t<\/div>\n\t\t<\/div>\n\t\t\t\t\t\t\t<\/div>\n\t\t<\/section>\n\t\t\t\t\t<\/div>\n\t\t<\/header>\n\t\t\t\t<div class=\"elementor-column elementor-col-50 elementor-top-column elementor-element elementor-element-afb5205\" data-id=\"afb5205\" data-element_type=\"column\">\n\t\t\t<div class=\"elementor-widget-wrap elementor-element-populated\">\n\t\t\t\t\t\t\t\t<div class=\"elementor-element elementor-element-707ad18 elementor-widget__width-inherit elementor-widget elementor-widget-image\" data-id=\"707ad18\" data-element_type=\"widget\" data-widget_type=\"image.default\">\n\t\t\t\t<div class=\"elementor-widget-container\">\n\t\t\t<style>\/*! elementor - v3.11.0 - 13-02-2023 *\/\n.elementor-widget-image{text-align:center}.elementor-widget-image a{display:inline-block}.elementor-widget-image a img[src$=\".svg\"]{width:48px}.elementor-widget-image img{vertical-align:middle;display:inline-block}<\/style>\t\t\t\t\t\t\t\t\t\t\t\t<img decoding=\"async\" width=\"500\" height=\"500\" src=\"https:\/\/alpha-koifutter.de\/wp-content\/uploads\/2022\/02\/Koi-Bild-farben-500px-160222.jpg\" class=\"attachment-full size-full wp-image-6585\" alt=\"\" loading=\"lazy\" srcset=\"https:\/\/alpha-koifutter.de\/wp-content\/uploads\/2022\/02\/Koi-Bild-farben-500px-160222.jpg 500w, https:\/\/alpha-koifutter.de\/wp-content\/uploads\/2022\/02\/Koi-Bild-farben-500px-160222-300x300.jpg 300w, https:\/\/alpha-koifutter.de\/wp-content\/uploads\/2022\/02\/Koi-Bild-farben-500px-160222-150x150.jpg 150w\" sizes=\"(max-width: 500px) 100vw, 500px\" \/>\t\t\t\t\t\t\t\t\t\t\t\t\t\t\t<\/div>\n\t\t\t\t<\/div>\n\t\t\t\t\t<\/div>\n\t\t<\/div>\n\t\t\t\t\t\t\t<\/div>\n\t\t<\/section>\n\t\t\t\t<section class=\"elementor-section elementor-top-section elementor-element elementor-element-86a0be0 elementor-section-boxed elementor-section-height-default elementor-section-height-default\" data-id=\"86a0be0\" data-element_type=\"section\">\n\t\t\t\t\t\t<div class=\"elementor-container elementor-column-gap-default\">\n\t\t\t\t\t<div class=\"elementor-column elementor-col-100 elementor-top-column elementor-element elementor-element-b5329d1\" data-id=\"b5329d1\" data-element_type=\"column\">\n\t\t\t<div class=\"elementor-widget-wrap elementor-element-populated\">\n\t\t\t\t\t\t\t\t<div class=\"elementor-element elementor-element-7659e6f elementor-widget elementor-widget-spacer\" data-id=\"7659e6f\" data-element_type=\"widget\" data-widget_type=\"spacer.default\">\n\t\t\t\t<div class=\"elementor-widget-container\">\n\t\t\t\t\t<div class=\"elementor-spacer\">\n\t\t\t<div class=\"elementor-spacer-inner\"><\/div>\n\t\t<\/div>\n\t\t\t\t<\/div>\n\t\t\t\t<\/div>\n\t\t\t\t<div class=\"elementor-element elementor-element-ffe8c99 elementor-widget elementor-widget-heading\" data-id=\"ffe8c99\" data-element_type=\"widget\" data-widget_type=\"heading.default\">\n\t\t\t\t<div class=\"elementor-widget-container\">\n\t\t\t<h2 class=\"elementor-heading-title elementor-size-default\">Nos produits<\/h2>\t\t<\/div>\n\t\t\t\t<\/div>\n\t\t\t\t<div class=\"elementor-element elementor-element-32b138d elementor-widget elementor-widget-spacer\" data-id=\"32b138d\" data-element_type=\"widget\" data-widget_type=\"spacer.default\">\n\t\t\t\t<div class=\"elementor-widget-container\">\n\t\t\t\t\t<div class=\"elementor-spacer\">\n\t\t\t<div class=\"elementor-spacer-inner\"><\/div>\n\t\t<\/div>\n\t\t\t\t<\/div>\n\t\t\t\t<\/div>\n\t\t\t\t\t<\/div>\n\t\t<\/div>\n\t\t\t\t\t\t\t<\/div>\n\t\t<\/section>\n\t\t\t\t<section class=\"elementor-section elementor-top-section elementor-element elementor-element-0f34a05 elementor-section-boxed elementor-section-height-default elementor-section-height-default\" data-id=\"0f34a05\" data-element_type=\"section\">\n\t\t\t\t\t\t<div class=\"elementor-container elementor-column-gap-default\">\n\t\t\t\t\t<div class=\"elementor-column elementor-col-50 elementor-top-column elementor-element elementor-element-e276687\" data-id=\"e276687\" data-element_type=\"column\">\n\t\t\t<div class=\"elementor-widget-wrap elementor-element-populated\">\n\t\t\t\t\t\t\t\t<div class=\"elementor-element elementor-element-9d4aed3 elementor-widget elementor-widget-image\" data-id=\"9d4aed3\" data-element_type=\"widget\" data-widget_type=\"image.default\">\n\t\t\t\t<div class=\"elementor-widget-container\">\n\t\t\t\t\t\t\t\t\t\t\t\t\t\t\t\t<a href=\"https:\/\/alpha-koifutter.de\/fr\/produits\/alpha\/\">\n\t\t\t\t\t\t\t<img decoding=\"async\" width=\"305\" height=\"100\" src=\"https:\/\/alpha-koifutter.de\/wp-content\/uploads\/2022\/02\/alpha-logo-100px.png\" class=\"attachment-full size-full wp-image-6625\" alt=\"\" loading=\"lazy\" srcset=\"https:\/\/alpha-koifutter.de\/wp-content\/uploads\/2022\/02\/alpha-logo-100px.png 305w, https:\/\/alpha-koifutter.de\/wp-content\/uploads\/2022\/02\/alpha-logo-100px-300x98.png 300w\" sizes=\"(max-width: 305px) 100vw, 305px\" \/>\t\t\t\t\t\t\t\t<\/a>\n\t\t\t\t\t\t\t\t\t\t\t\t\t\t\t<\/div>\n\t\t\t\t<\/div>\n\t\t\t\t<div class=\"elementor-element elementor-element-fe8a84c elementor-widget elementor-widget-spacer\" data-id=\"fe8a84c\" data-element_type=\"widget\" data-widget_type=\"spacer.default\">\n\t\t\t\t<div class=\"elementor-widget-container\">\n\t\t\t\t\t<div class=\"elementor-spacer\">\n\t\t\t<div class=\"elementor-spacer-inner\"><\/div>\n\t\t<\/div>\n\t\t\t\t<\/div>\n\t\t\t\t<\/div>\n\t\t\t\t<div class=\"elementor-element elementor-element-5270d78 elementor-widget elementor-widget-text-editor\" data-id=\"5270d78\" data-element_type=\"widget\" data-widget_type=\"text-editor.default\">\n\t\t\t\t<div class=\"elementor-widget-container\">\n\t\t\t<style>\/*! elementor - v3.11.0 - 13-02-2023 *\/\n.elementor-widget-text-editor.elementor-drop-cap-view-stacked .elementor-drop-cap{background-color:#818a91;color:#fff}.elementor-widget-text-editor.elementor-drop-cap-view-framed .elementor-drop-cap{color:#818a91;border:3px solid;background-color:transparent}.elementor-widget-text-editor:not(.elementor-drop-cap-view-default) .elementor-drop-cap{margin-top:8px}.elementor-widget-text-editor:not(.elementor-drop-cap-view-default) .elementor-drop-cap-letter{width:1em;height:1em}.elementor-widget-text-editor .elementor-drop-cap{float:left;text-align:center;line-height:1;font-size:50px}.elementor-widget-text-editor .elementor-drop-cap-letter{display:inline-block}<\/style>\t\t\t\t<p>Aliment premium pour koi avec des ingr\u00e9dients de la plus haute qualit\u00e9. Sant\u00e9, vitalit\u00e9, couleurs vives &amp; eau propre.  <\/p>\n\t\t\t\t\t\t<\/div>\n\t\t\t\t<\/div>\n\t\t\t\t<div class=\"elementor-element elementor-element-6ef7f0d elementor-widget elementor-widget-image\" data-id=\"6ef7f0d\" data-element_type=\"widget\" data-widget_type=\"image.default\">\n\t\t\t\t<div class=\"elementor-widget-container\">\n\t\t\t\t\t\t\t\t\t\t\t\t\t\t\t\t<a href=\"https:\/\/alpha-koifutter.de\/fr\/produits\/alpha\/\">\n\t\t\t\t\t\t\t<img decoding=\"async\" width=\"800\" height=\"573\" src=\"https:\/\/alpha-koifutter.de\/wp-content\/uploads\/2022\/02\/KOI-Packshots-3-800px.jpg\" class=\"attachment-full size-full wp-image-6565\" alt=\"\" loading=\"lazy\" srcset=\"https:\/\/alpha-koifutter.de\/wp-content\/uploads\/2022\/02\/KOI-Packshots-3-800px.jpg 800w, https:\/\/alpha-koifutter.de\/wp-content\/uploads\/2022\/02\/KOI-Packshots-3-800px-300x215.jpg 300w, https:\/\/alpha-koifutter.de\/wp-content\/uploads\/2022\/02\/KOI-Packshots-3-800px-768x550.jpg 768w\" sizes=\"(max-width: 800px) 100vw, 800px\" \/>\t\t\t\t\t\t\t\t<\/a>\n\t\t\t\t\t\t\t\t\t\t\t\t\t\t\t<\/div>\n\t\t\t\t<\/div>\n\t\t\t\t<div class=\"elementor-element elementor-element-c2db79b elementor-align-center elementor-widget elementor-widget-the7_button_widget\" data-id=\"c2db79b\" data-element_type=\"widget\" data-widget_type=\"the7_button_widget.default\">\n\t\t\t\t<div class=\"elementor-widget-container\">\n\t\t\t<div class=\"elementor-button-wrapper\"><a href=\"https:\/\/alpha-koifutter.de\/fr\/produits\/alpha\/\" class=\"box-button elementor-button elementor-size-md\">Voir<\/a><\/div>\t\t<\/div>\n\t\t\t\t<\/div>\n\t\t\t\t\t<\/div>\n\t\t<\/div>\n\t\t\t\t<div class=\"elementor-column elementor-col-50 elementor-top-column elementor-element elementor-element-2725c99\" data-id=\"2725c99\" data-element_type=\"column\">\n\t\t\t<div class=\"elementor-widget-wrap elementor-element-populated\">\n\t\t\t\t\t\t\t\t<div class=\"elementor-element elementor-element-ed9fe69 elementor-widget elementor-widget-image\" data-id=\"ed9fe69\" data-element_type=\"widget\" data-widget_type=\"image.default\">\n\t\t\t\t<div class=\"elementor-widget-container\">\n\t\t\t\t\t\t\t\t\t\t\t\t\t\t\t\t<a href=\"https:\/\/alpha-koifutter.de\/fr\/produits\/akari-ultra\/\">\n\t\t\t\t\t\t\t<img decoding=\"async\" width=\"490\" height=\"100\" src=\"https:\/\/alpha-koifutter.de\/wp-content\/uploads\/2022\/02\/akari-ultra-logo-100px.png\" class=\"attachment-full size-full wp-image-6630\" alt=\"\" loading=\"lazy\" srcset=\"https:\/\/alpha-koifutter.de\/wp-content\/uploads\/2022\/02\/akari-ultra-logo-100px.png 490w, https:\/\/alpha-koifutter.de\/wp-content\/uploads\/2022\/02\/akari-ultra-logo-100px-300x61.png 300w\" sizes=\"(max-width: 490px) 100vw, 490px\" \/>\t\t\t\t\t\t\t\t<\/a>\n\t\t\t\t\t\t\t\t\t\t\t\t\t\t\t<\/div>\n\t\t\t\t<\/div>\n\t\t\t\t<div class=\"elementor-element elementor-element-b06c707 elementor-widget elementor-widget-spacer\" data-id=\"b06c707\" data-element_type=\"widget\" data-widget_type=\"spacer.default\">\n\t\t\t\t<div class=\"elementor-widget-container\">\n\t\t\t\t\t<div class=\"elementor-spacer\">\n\t\t\t<div class=\"elementor-spacer-inner\"><\/div>\n\t\t<\/div>\n\t\t\t\t<\/div>\n\t\t\t\t<\/div>\n\t\t\t\t<div class=\"elementor-element elementor-element-d2a0e84 elementor-widget elementor-widget-text-editor\" data-id=\"d2a0e84\" data-element_type=\"widget\" data-widget_type=\"text-editor.default\">\n\t\t\t\t<div class=\"elementor-widget-container\">\n\t\t\t\t\t\t\t<p>La m\u00e9thode innovante pour purifier votre eau efficacement et durablement avec la technique UVC.<\/p><\/p>\n\t\t\t\t\t\t<\/div>\n\t\t\t\t<\/div>\n\t\t\t\t<div class=\"elementor-element elementor-element-da1697f elementor-widget elementor-widget-image\" data-id=\"da1697f\" data-element_type=\"widget\" data-widget_type=\"image.default\">\n\t\t\t\t<div class=\"elementor-widget-container\">\n\t\t\t\t\t\t\t\t\t\t\t\t\t\t\t\t<a href=\"https:\/\/alpha-koifutter.de\/fr\/produits\/akari-ultra\/\">\n\t\t\t\t\t\t\t<img decoding=\"async\" width=\"800\" height=\"573\" src=\"https:\/\/alpha-koifutter.de\/wp-content\/uploads\/2022\/02\/Akari-Ultra-UVC-800px.jpg\" class=\"attachment-full size-full wp-image-6575\" alt=\"\" loading=\"lazy\" srcset=\"https:\/\/alpha-koifutter.de\/wp-content\/uploads\/2022\/02\/Akari-Ultra-UVC-800px.jpg 800w, https:\/\/alpha-koifutter.de\/wp-content\/uploads\/2022\/02\/Akari-Ultra-UVC-800px-300x215.jpg 300w, https:\/\/alpha-koifutter.de\/wp-content\/uploads\/2022\/02\/Akari-Ultra-UVC-800px-768x550.jpg 768w\" sizes=\"(max-width: 800px) 100vw, 800px\" \/>\t\t\t\t\t\t\t\t<\/a>\n\t\t\t\t\t\t\t\t\t\t\t\t\t\t\t<\/div>\n\t\t\t\t<\/div>\n\t\t\t\t<div class=\"elementor-element elementor-element-52a4570 elementor-align-center elementor-widget elementor-widget-the7_button_widget\" data-id=\"52a4570\" data-element_type=\"widget\" data-widget_type=\"the7_button_widget.default\">\n\t\t\t\t<div class=\"elementor-widget-container\">\n\t\t\t<div class=\"elementor-button-wrapper\"><a href=\"https:\/\/alpha-koifutter.de\/fr\/produits\/akari-ultra\/\" class=\"box-button elementor-button elementor-size-md\">Voir<\/a><\/div>\t\t<\/div>\n\t\t\t\t<\/div>\n\t\t\t\t\t<\/div>\n\t\t<\/div>\n\t\t\t\t\t\t\t<\/div>\n\t\t<\/section>\n\t\t\t\t<section class=\"elementor-section elementor-top-section elementor-element elementor-element-f1f88fc elementor-section-boxed elementor-section-height-default elementor-section-height-default\" data-id=\"f1f88fc\" data-element_type=\"section\">\n\t\t\t\t\t\t<div class=\"elementor-container elementor-column-gap-default\">\n\t\t\t\t\t<div class=\"elementor-column elementor-col-100 elementor-top-column elementor-element elementor-element-a57068e\" data-id=\"a57068e\" data-element_type=\"column\">\n\t\t\t<div class=\"elementor-widget-wrap elementor-element-populated\">\n\t\t\t\t\t\t\t\t<div class=\"elementor-element elementor-element-28c5bf9 elementor-widget elementor-widget-spacer\" data-id=\"28c5bf9\" data-element_type=\"widget\" data-widget_type=\"spacer.default\">\n\t\t\t\t<div class=\"elementor-widget-container\">\n\t\t\t\t\t<div class=\"elementor-spacer\">\n\t\t\t<div class=\"elementor-spacer-inner\"><\/div>\n\t\t<\/div>\n\t\t\t\t<\/div>\n\t\t\t\t<\/div>\n\t\t\t\t\t<\/div>\n\t\t<\/div>\n\t\t\t\t\t\t\t<\/div>\n\t\t<\/section>\n\t\t\t\t<section class=\"elementor-section elementor-top-section elementor-element elementor-element-886c039 elementor-section-boxed elementor-section-height-default elementor-section-height-default\" data-id=\"886c039\" data-element_type=\"section\">\n\t\t\t\t\t\t<div class=\"elementor-container elementor-column-gap-wide\">\n\t\t\t\t\t<div class=\"elementor-column elementor-col-50 elementor-top-column elementor-element elementor-element-d2807b0\" data-id=\"d2807b0\" data-element_type=\"column\">\n\t\t\t<div class=\"elementor-widget-wrap elementor-element-populated\">\n\t\t\t\t\t\t\t\t<div class=\"elementor-element elementor-element-d3c1247 elementor-widget elementor-widget-image\" data-id=\"d3c1247\" data-element_type=\"widget\" data-widget_type=\"image.default\">\n\t\t\t\t<div class=\"elementor-widget-container\">\n\t\t\t\t\t\t\t\t\t\t\t\t\t\t\t<img decoding=\"async\" width=\"500\" height=\"500\" src=\"https:\/\/alpha-koifutter.de\/wp-content\/uploads\/2022\/02\/Koi-Bild2-farben-500px-240222.jpg\" class=\"attachment-full size-full wp-image-6665\" alt=\"\" loading=\"lazy\" srcset=\"https:\/\/alpha-koifutter.de\/wp-content\/uploads\/2022\/02\/Koi-Bild2-farben-500px-240222.jpg 500w, https:\/\/alpha-koifutter.de\/wp-content\/uploads\/2022\/02\/Koi-Bild2-farben-500px-240222-300x300.jpg 300w, https:\/\/alpha-koifutter.de\/wp-content\/uploads\/2022\/02\/Koi-Bild2-farben-500px-240222-150x150.jpg 150w\" sizes=\"(max-width: 500px) 100vw, 500px\" \/>\t\t\t\t\t\t\t\t\t\t\t\t\t\t\t<\/div>\n\t\t\t\t<\/div>\n\t\t\t\t\t<\/div>\n\t\t<\/div>\n\t\t\t\t<div class=\"elementor-column elementor-col-50 elementor-top-column elementor-element elementor-element-2812f8e\" data-id=\"2812f8e\" data-element_type=\"column\">\n\t\t\t<div class=\"elementor-widget-wrap elementor-element-populated\">\n\t\t\t\t\t\t\t\t<div class=\"elementor-element elementor-element-4d3b8af elementor-widget elementor-widget-heading\" data-id=\"4d3b8af\" data-element_type=\"widget\" data-widget_type=\"heading.default\">\n\t\t\t\t<div class=\"elementor-widget-container\">\n\t\t\t<h2 class=\"elementor-heading-title elementor-size-default\">Tu as besoin d'aide pour la planification de ton \u00e9tang ?<\/h2>\t\t<\/div>\n\t\t\t\t<\/div>\n\t\t\t\t<div class=\"elementor-element elementor-element-08b2e6d elementor-widget elementor-widget-heading\" data-id=\"08b2e6d\" data-element_type=\"widget\" data-widget_type=\"heading.default\">\n\t\t\t\t<div class=\"elementor-widget-container\">\n\t\t\t<p class=\"elementor-heading-title elementor-size-default\">Tu pr\u00e9vois un \u00e9tang ou tu as des difficult\u00e9s \u00e0 r\u00e9aliser l'\u00e9tang de tes r\u00eaves ? Tu re\u00e7ois 100 avis diff\u00e9rents et tu as besoin d'aide pour prendre une d\u00e9cision ?\n<br>\nContacte-nous. Nous avons la solution.  <\/p>\t\t<\/div>\n\t\t\t\t<\/div>\n\t\t\t\t<div class=\"elementor-element elementor-element-0a6c704 elementor-align-left elementor-widget elementor-widget-the7_button_widget\" data-id=\"0a6c704\" data-element_type=\"widget\" data-widget_type=\"the7_button_widget.default\">\n\t\t\t\t<div class=\"elementor-widget-container\">\n\t\t\t<div class=\"elementor-button-wrapper\"><a href=\"https:\/\/alpha-koifutter.de\/fr\/contact\/\" class=\"box-button elementor-button elementor-size-md\">Contact<\/a><\/div>\t\t<\/div>\n\t\t\t\t<\/div>\n\t\t\t\t\t<\/div>\n\t\t<\/div>\n\t\t\t\t\t\t\t<\/div>\n\t\t<\/section>\n\t\t\t\t\t\t\t<\/div>\n\t\t","protected":false},"excerpt":{"rendered":"<p>Nous savons ce dont vos ko\u00efs ont besoin pour \u00eatre en bonne sant\u00e9, grandir et vivre longtemps. Bienvenue chez alpha Koi Food Vos experts de Suisse &amp; d&rsquo;Allemagne pour la technique de l&rsquo;eau, la nourriture pour koi, le mat\u00e9riel pour \u00e9tangs &amp; le d\u00e9veloppement de projets. Informez-vous ici sur notre offre pour les ko\u00efs et&hellip;<\/p>\n","protected":false},"author":1,"featured_media":0,"parent":0,"menu_order":0,"comment_status":"closed","ping_status":"open","template":"","meta":{"inline_featured_image":false},"_links":{"self":[{"href":"https:\/\/alpha-koifutter.de\/fr\/wp-json\/wp\/v2\/pages\/6758"}],"collection":[{"href":"https:\/\/alpha-koifutter.de\/fr\/wp-json\/wp\/v2\/pages"}],"about":[{"href":"https:\/\/alpha-koifutter.de\/fr\/wp-json\/wp\/v2\/types\/page"}],"author":[{"embeddable":true,"href":"https:\/\/alpha-koifutter.de\/fr\/wp-json\/wp\/v2\/users\/1"}],"replies":[{"embeddable":true,"href":"https:\/\/alpha-koifutter.de\/fr\/wp-json\/wp\/v2\/comments?post=6758"}],"version-history":[{"count":8,"href":"https:\/\/alpha-koifutter.de\/fr\/wp-json\/wp\/v2\/pages\/6758\/revisions"}],"predecessor-version":[{"id":6937,"href":"https:\/\/alpha-koifutter.de\/fr\/wp-json\/wp\/v2\/pages\/6758\/revisions\/6937"}],"wp:attachment":[{"href":"https:\/\/alpha-koifutter.de\/fr\/wp-json\/wp\/v2\/media?parent=6758"}],"curies":[{"name":"wp","href":"https:\/\/api.w.org\/{rel}","templated":true}]}}