{"id":6774,"date":"2022-02-12T12:41:38","date_gmt":"2022-02-12T12:41:38","guid":{"rendered":"https:\/\/alpha-koifutter.de\/mentions-legales\/"},"modified":"2024-06-02T15:49:58","modified_gmt":"2024-06-02T15:49:58","slug":"mentions-legales","status":"publish","type":"page","link":"https:\/\/alpha-koifutter.de\/fr\/mentions-legales\/","title":{"rendered":"Mentions l\u00e9gales"},"content":{"rendered":"\t\t<div data-elementor-type=\"wp-page\" data-elementor-id=\"6774\" class=\"elementor elementor-6774 elementor-40\">\n\t\t\t\t\t\t\t\t\t<section class=\"elementor-section elementor-top-section elementor-element elementor-element-894659d elementor-section-boxed elementor-section-height-default elementor-section-height-default\" data-id=\"894659d\" data-element_type=\"section\">\n\t\t\t\t\t\t<div class=\"elementor-container elementor-column-gap-default\">\n\t\t\t\t\t<div class=\"elementor-column elementor-col-100 elementor-top-column elementor-element elementor-element-23948a8\" data-id=\"23948a8\" data-element_type=\"column\">\n\t\t\t<div class=\"elementor-widget-wrap elementor-element-populated\">\n\t\t\t\t\t\t\t\t<div class=\"elementor-element elementor-element-cce4192 elementor-widget elementor-widget-spacer\" data-id=\"cce4192\" data-element_type=\"widget\" data-widget_type=\"spacer.default\">\n\t\t\t\t<div class=\"elementor-widget-container\">\n\t\t\t<style>\/*! elementor - v3.11.0 - 13-02-2023 *\/\n.elementor-column .elementor-spacer-inner{height:var(--spacer-size)}.e-con{--container-widget-width:100%}.e-con-inner>.elementor-widget-spacer,.e-con>.elementor-widget-spacer{width:var(--container-widget-width,var(--spacer-size));--align-self:var(--container-widget-align-self,initial);--flex-shrink:0}.e-con-inner>.elementor-widget-spacer>.elementor-widget-container,.e-con-inner>.elementor-widget-spacer>.elementor-widget-container>.elementor-spacer,.e-con>.elementor-widget-spacer>.elementor-widget-container,.e-con>.elementor-widget-spacer>.elementor-widget-container>.elementor-spacer{height:100%}.e-con-inner>.elementor-widget-spacer>.elementor-widget-container>.elementor-spacer>.elementor-spacer-inner,.e-con>.elementor-widget-spacer>.elementor-widget-container>.elementor-spacer>.elementor-spacer-inner{height:var(--container-widget-height,var(--spacer-size))}<\/style>\t\t<div class=\"elementor-spacer\">\n\t\t\t<div class=\"elementor-spacer-inner\"><\/div>\n\t\t<\/div>\n\t\t\t\t<\/div>\n\t\t\t\t<\/div>\n\t\t\t\t<div class=\"elementor-element elementor-element-879c05c elementor-widget elementor-widget-heading\" data-id=\"879c05c\" data-element_type=\"widget\" data-widget_type=\"heading.default\">\n\t\t\t\t<div class=\"elementor-widget-container\">\n\t\t\t<style>\/*! elementor - v3.11.0 - 13-02-2023 *\/\n.elementor-heading-title{padding:0;margin:0;line-height:1}.elementor-widget-heading .elementor-heading-title[class*=elementor-size-]>a{color:inherit;font-size:inherit;line-height:inherit}.elementor-widget-heading .elementor-heading-title.elementor-size-small{font-size:15px}.elementor-widget-heading .elementor-heading-title.elementor-size-medium{font-size:19px}.elementor-widget-heading .elementor-heading-title.elementor-size-large{font-size:29px}.elementor-widget-heading .elementor-heading-title.elementor-size-xl{font-size:39px}.elementor-widget-heading .elementor-heading-title.elementor-size-xxl{font-size:59px}<\/style><h2 class=\"elementor-heading-title elementor-size-default\">Mentions l\u00e9gales<\/h2>\t\t<\/div>\n\t\t\t\t<\/div>\n\t\t\t\t\t<\/div>\n\t\t<\/div>\n\t\t\t\t\t\t\t<\/div>\n\t\t<\/section>\n\t\t\t\t<section class=\"elementor-section elementor-top-section elementor-element elementor-element-12b3d701 elementor-section-boxed elementor-section-height-default elementor-section-height-default\" data-id=\"12b3d701\" data-element_type=\"section\">\n\t\t\t\t\t\t<div class=\"elementor-container elementor-column-gap-default\">\n\t\t\t\t\t<div class=\"elementor-column elementor-col-100 elementor-top-column elementor-element elementor-element-2d097b49\" data-id=\"2d097b49\" data-element_type=\"column\">\n\t\t\t<div class=\"elementor-widget-wrap elementor-element-populated\">\n\t\t\t\t\t\t\t\t<div class=\"elementor-element elementor-element-22d5742 elementor-widget elementor-widget-spacer\" data-id=\"22d5742\" data-element_type=\"widget\" data-widget_type=\"spacer.default\">\n\t\t\t\t<div class=\"elementor-widget-container\">\n\t\t\t\t\t<div class=\"elementor-spacer\">\n\t\t\t<div class=\"elementor-spacer-inner\"><\/div>\n\t\t<\/div>\n\t\t\t\t<\/div>\n\t\t\t\t<\/div>\n\t\t\t\t<div class=\"elementor-element elementor-element-20b3f753 elementor-widget elementor-widget-text-editor\" data-id=\"20b3f753\" data-element_type=\"widget\" data-widget_type=\"text-editor.default\">\n\t\t\t\t<div class=\"elementor-widget-container\">\n\t\t\t<style>\/*! elementor - v3.11.0 - 13-02-2023 *\/\n.elementor-widget-text-editor.elementor-drop-cap-view-stacked .elementor-drop-cap{background-color:#818a91;color:#fff}.elementor-widget-text-editor.elementor-drop-cap-view-framed .elementor-drop-cap{color:#818a91;border:3px solid;background-color:transparent}.elementor-widget-text-editor:not(.elementor-drop-cap-view-default) .elementor-drop-cap{margin-top:8px}.elementor-widget-text-editor:not(.elementor-drop-cap-view-default) .elementor-drop-cap-letter{width:1em;height:1em}.elementor-widget-text-editor .elementor-drop-cap{float:left;text-align:center;line-height:1;font-size:50px}.elementor-widget-text-editor .elementor-drop-cap-letter{display:inline-block}<\/style>\t\t\t\t<h3>Informations selon \u00a7 5 TMG<\/h3>\n<p>KENJI JKL GbR<\/p>\n<p>Repr\u00e9sent\u00e9 par les associ\u00e9s : Karim Koppers, Lukas van Lier, Dennis Jansen<\/p>\n<p>Adresse du bureau : Neustadt 52, 46446 Emmerich-Elten<\/p>\n<p>Num\u00e9ro d&rsquo;identification de la taxe sur le chiffre d&rsquo;affaires : DE350193081<\/p>\n<p>eMail : info@alphakoi.de<\/p>\n<p>T\u00e9l\u00e9phone : +49 2828 31 39 65 2 (Lun-Ven 09-17.00)<\/p>\n<p>Adresse du magasin : Klinkerweg 13, 46446 Emmerich<\/p>\n<h3>Contact<\/h3>\n<p>T\u00e9l\u00e9phone : +49 2828 31 39 65 2<br>Courrier \u00e9lectronique : info@alphakoi.de<\/p>\n<h4>R\u00e8glement extrajudiciaire des litiges conform\u00e9ment \u00e0 l&rsquo;article 14, paragraphe 1, de la directive. 1 ODR-VO et \u00a7 36 VSBG :<\/h4>\n<p>La Commission europ\u00e9enne met \u00e0 disposition une plateforme de r\u00e8glement en ligne des litiges (RLL) que vous trouverez ici&nbsp;<a href=\"https:\/\/ec.europa.eu\/consumers\/odr\/\">https:\/\/ec.europa.eu\/consumers\/odr\/<\/a>&nbsp;<\/p>\n<p>Nous sommes pr\u00eats \u00e0 participer \u00e0 une proc\u00e9dure de conciliation extrajudiciaire devant un organisme de conciliation des consommateurs.<\/p>\t\t\t\t\t\t<\/div>\n\t\t\t\t<\/div>\n\t\t\t\t\t<\/div>\n\t\t<\/div>\n\t\t\t\t\t\t\t<\/div>\n\t\t<\/section>\n\t\t\t\t\t\t\t<\/div>\n\t\t","protected":false},"excerpt":{"rendered":"<p>Mentions l\u00e9gales Informations selon \u00a7 5 TMG KENJI JKL GbR Repr\u00e9sent\u00e9 par les associ\u00e9s : Karim Koppers, Lukas van Lier, Dennis Jansen Adresse du bureau : Neustadt 52, 46446 Emmerich-Elten Num\u00e9ro d&rsquo;identification de la taxe sur le chiffre d&rsquo;affaires : DE350193081 eMail : info@alphakoi.de T\u00e9l\u00e9phone : +49 2828 31 39 65 2 (Lun-Ven 09-17.00) Adresse&hellip;<\/p>\n","protected":false},"author":1,"featured_media":0,"parent":0,"menu_order":0,"comment_status":"closed","ping_status":"closed","template":"","meta":{"inline_featured_image":false},"_links":{"self":[{"href":"https:\/\/alpha-koifutter.de\/fr\/wp-json\/wp\/v2\/pages\/6774"}],"collection":[{"href":"https:\/\/alpha-koifutter.de\/fr\/wp-json\/wp\/v2\/pages"}],"about":[{"href":"https:\/\/alpha-koifutter.de\/fr\/wp-json\/wp\/v2\/types\/page"}],"author":[{"embeddable":true,"href":"https:\/\/alpha-koifutter.de\/fr\/wp-json\/wp\/v2\/users\/1"}],"replies":[{"embeddable":true,"href":"https:\/\/alpha-koifutter.de\/fr\/wp-json\/wp\/v2\/comments?post=6774"}],"version-history":[{"count":6,"href":"https:\/\/alpha-koifutter.de\/fr\/wp-json\/wp\/v2\/pages\/6774\/revisions"}],"predecessor-version":[{"id":6995,"href":"https:\/\/alpha-koifutter.de\/fr\/wp-json\/wp\/v2\/pages\/6774\/revisions\/6995"}],"wp:attachment":[{"href":"https:\/\/alpha-koifutter.de\/fr\/wp-json\/wp\/v2\/media?parent=6774"}],"curies":[{"name":"wp","href":"https:\/\/api.w.org\/{rel}","templated":true}]}}